{"id":8,"date":"2019-07-26T14:17:38","date_gmt":"2019-07-26T19:17:38","guid":{"rendered":"http:\/\/www.wmsas.co.bh-22.webhostbox.net\/web\/?page_id=8"},"modified":"2020-11-20T09:24:16","modified_gmt":"2020-11-20T14:24:16","slug":"contacto","status":"publish","type":"page","link":"https:\/\/wmsas.co\/site\/contacto\/","title":{"rendered":"Contacto"},"content":{"rendered":"<p>[et_pb_section fb_built=&#8221;1&#8243; _builder_version=&#8221;3.23.3&#8243; background_image=&#8221;https:\/\/wmsas.co\/site\/wp-content\/uploads\/2019\/09\/Contacto-encabezado1.jpg&#8221; min_height=&#8221;468px&#8221; custom_padding=&#8221;67px|0px|0px|0px|false|false&#8221; animation_style=&#8221;zoom&#8221; animation_intensity_zoom=&#8221;4%&#8221;][et_pb_row _builder_version=&#8221;3.25&#8243; background_size=&#8221;initial&#8221; background_position=&#8221;top_left&#8221; background_repeat=&#8221;repeat&#8221; custom_padding=&#8221;||17px|||&#8221; animation_style=&#8221;slide&#8221; animation_direction=&#8221;top&#8221; animation_intensity_slide=&#8221;3%&#8221;][et_pb_column type=&#8221;4_4&#8243; _builder_version=&#8221;3.25&#8243; custom_padding=&#8221;|||&#8221; custom_padding__hover=&#8221;|||&#8221;][et_pb_text _builder_version=&#8221;3.27.4&#8243; text_font=&#8221;Montserrat||||||||&#8221; text_text_color=&#8221;#ffffff&#8221; text_font_size=&#8221;17px&#8221; text_letter_spacing=&#8221;1px&#8221; header_font=&#8221;Montserrat|700||on|||||dotted&#8221; header_text_color=&#8221;#ffffff&#8221; header_font_size=&#8221;60px&#8221; header_line_height=&#8221;1.3em&#8221; background_color=&#8221;rgba(0,0,0,0.17)&#8221; background_size=&#8221;initial&#8221; background_position=&#8221;top_left&#8221; background_repeat=&#8221;repeat&#8221; custom_margin=&#8221;||0px|||&#8221; custom_padding=&#8221;54px|489px||||&#8221; animation_style=&#8221;fade&#8221; header_font_size_last_edited=&#8221;off|desktop&#8221; locked=&#8221;off&#8221;]<\/p>\n<h1 style=\"text-align: center;\">Contacto<\/h1>\n<p style=\"text-align: center;\"><strong>WM SAS \u00ae est\u00e1 comprometida con alcanzar la excelencia, por eso\u00a0prestamos los servicios de forma oportuna, responsable y de calidad.<\/strong><\/p>\n<p>&nbsp;<\/p>\n<p>[\/et_pb_text][et_pb_divider show_divider=&#8221;off&#8221; disabled_on=&#8221;on|on|off&#8221; _builder_version=&#8221;3.2&#8243; max_width=&#8221;120px&#8221; animation_style=&#8221;slide&#8221; animation_direction=&#8221;top&#8221; animation_intensity_slide=&#8221;30%&#8221;][\/et_pb_divider][\/et_pb_column][\/et_pb_row][\/et_pb_section][et_pb_section fb_built=&#8221;1&#8243; _builder_version=&#8221;3.23.3&#8243; custom_padding=&#8221;22px||1px|||&#8221;][et_pb_row _builder_version=&#8221;3.25&#8243; width=&#8221;100%&#8221; max_width=&#8221;1382px&#8221;][et_pb_column type=&#8221;4_4&#8243; _builder_version=&#8221;3.25&#8243; custom_padding=&#8221;|||&#8221; custom_padding__hover=&#8221;|||&#8221;][et_pb_divider _builder_version=&#8221;3.23.3&#8243;][\/et_pb_divider][\/et_pb_column][\/et_pb_row][\/et_pb_section][et_pb_section fb_built=&#8221;1&#8243; _builder_version=&#8221;3.23.3&#8243; background_image=&#8221;https:\/\/wmsas.co\/site\/wp-content\/uploads\/2019\/09\/Banner-direcci\u00f3n.jpg&#8221; custom_padding=&#8221;132px||165px|||&#8221;][et_pb_row _builder_version=&#8221;4.0.6&#8243; use_background_color_gradient=&#8221;on&#8221; background_color_gradient_start=&#8221;rgba(93,148,193,0.66)&#8221; background_color_gradient_end=&#8221;rgba(12,113,195,0.49)&#8221; background_color_gradient_type=&#8221;radial&#8221;][et_pb_column type=&#8221;4_4&#8243; _builder_version=&#8221;3.25&#8243; custom_padding=&#8221;|||&#8221; custom_padding__hover=&#8221;|||&#8221;][et_pb_text _builder_version=&#8221;4.0.6&#8243; text_font=&#8221;Montserrat||||&#8221; text_text_color=&#8221;#ffffff&#8221; text_font_size=&#8221;16px&#8221; text_line_height=&#8221;1.8em&#8221; link_font=&#8221;|800|||on|||#fcd21d|double&#8221; link_text_color=&#8221;#ffffff&#8221; link_font_size=&#8221;20px&#8221; header_font=&#8221;Montserrat||||&#8221; header_text_color=&#8221;#ffffff&#8221; header_4_font=&#8221;Montserrat|700|||||||&#8221; header_4_text_color=&#8221;#ffffff&#8221; header_4_font_size=&#8221;22px&#8221; header_4_line_height=&#8221;1.9em&#8221; text_orientation=&#8221;center&#8221; animation_style=&#8221;zoom&#8221; animation_intensity_zoom=&#8221;20%&#8221; text_text_shadow_style=&#8221;preset1&#8243; link_text_shadow_style=&#8221;preset1&#8243;]<\/p>\n<h4>Bucaramanga, Santander<\/h4>\n<p><a href=\"https:\/\/goo.gl\/maps\/AccwPbC8oa6z9v8H7\" target=\"_blank\" rel=\"noopener noreferrer\" title=\"Ubicaci\u00f3n\">Carrera 20 #33-46<\/a><\/p>\n<p><a href=\"https:\/\/goo.gl\/maps\/AccwPbC8oa6z9v8H7\" target=\"_blank\" rel=\"noopener noreferrer\" title=\"Ubicaci\u00f3n\">Edificio Los Robles &#8211; Oficina 301<\/a><\/p>\n<p><a href=\"tel:0376707583\" target=\"_blank\" rel=\"noopener noreferrer\" title=\"Tel\u00e9fono\">(+57) 7 670 7583<\/a><\/p>\n<p>[\/et_pb_text][et_pb_text _builder_version=&#8221;4.0.6&#8243; link_font=&#8221;|700|||||||&#8221; link_text_align=&#8221;center&#8221; link_text_color=&#8221;#ffffff&#8221; link_font_size=&#8221;21px&#8221; text_orientation=&#8221;center&#8221; hover_enabled=&#8221;0&#8243; link_text_shadow_style=&#8221;preset2&#8243; custom_padding=&#8221;||1px|||&#8221;]<\/p>\n<p><a href=\"mailto:mcalderon@wmsas.com\">mcalderon@wmsas.co<\/a><\/p>\n<p>[\/et_pb_text][\/et_pb_column][\/et_pb_row][\/et_pb_section][et_pb_section fb_built=&#8221;1&#8243; admin_label=&#8221;Contact Form Section&#8221; _builder_version=&#8221;3.23.3&#8243; background_color=&#8221;#2b2f82&#8243; custom_padding=&#8221;110px||110px|&#8221; animation_style=&#8221;zoom&#8221; animation_direction=&#8221;bottom&#8221; animation_intensity_zoom=&#8221;10%&#8221; saved_tabs=&#8221;all&#8221;][et_pb_row admin_label=&#8221;Service Section Title&#8221; _builder_version=&#8221;3.25&#8243; custom_margin=&#8221;||40px|&#8221; animation_style=&#8221;fade&#8221; animation_direction=&#8221;top&#8221; locked=&#8221;off&#8221;][et_pb_column type=&#8221;4_4&#8243; _builder_version=&#8221;3.25&#8243; custom_padding=&#8221;|||&#8221; custom_padding__hover=&#8221;|||&#8221;][et_pb_text admin_label=&#8221;Title&#8221; _builder_version=&#8221;3.27.4&#8243; text_font=&#8221;Montserrat||||||||&#8221; text_text_color=&#8221;#747d88&#8243; text_font_size=&#8221;16px&#8221; text_line_height=&#8221;1.9em&#8221; header_font=&#8221;||||||||&#8221; header_text_color=&#8221;#ffffff&#8221; header_font_size=&#8221;17px&#8221; header_2_font=&#8221;Montserrat|700||on|||||&#8221; header_2_text_color=&#8221;#ffffff&#8221; header_2_font_size=&#8221;35px&#8221; header_2_line_height=&#8221;1.3em&#8221; background_size=&#8221;initial&#8221; background_position=&#8221;top_left&#8221; background_repeat=&#8221;repeat&#8221; text_orientation=&#8221;center&#8221; max_width=&#8221;700px&#8221; module_alignment=&#8221;center&#8221; custom_padding=&#8221;|||0px||&#8221; animation_style=&#8221;slide&#8221; animation_direction=&#8221;bottom&#8221; animation_intensity_slide=&#8221;4%&#8221;]<\/p>\n<h2>Comencemos una conversaci\u00f3n<\/h2>\n<p>[\/et_pb_text][et_pb_text admin_label=&#8221;Subtitle&#8221; _builder_version=&#8221;3.27.4&#8243; text_font=&#8221;Montserrat||||&#8221; text_text_color=&#8221;#ffffff&#8221; text_font_size=&#8221;16px&#8221; text_line_height=&#8221;1.8em&#8221; header_font=&#8221;||||||||&#8221; background_size=&#8221;initial&#8221; background_position=&#8221;top_left&#8221; background_repeat=&#8221;repeat&#8221; text_orientation=&#8221;center&#8221; max_width=&#8221;700px&#8221; module_alignment=&#8221;center&#8221; custom_margin=&#8221;|||&#8221; animation_style=&#8221;slide&#8221; animation_direction=&#8221;bottom&#8221; animation_delay=&#8221;100ms&#8221; animation_intensity_slide=&#8221;4%&#8221;]<\/p>\n<p>WM SAS \u00ae est\u00e1 aqu\u00ed para brindarle m\u00e1s informaci\u00f3n, responder cualquier pregunta que pueda tener y crear una soluci\u00f3n efectiva para sus necesidades.<\/p>\n<p>[\/et_pb_text][\/et_pb_column][\/et_pb_row][et_pb_row admin_label=&#8221;Contact Form&#8221; _builder_version=&#8221;3.25&#8243; animation_style=&#8221;fade&#8221;][et_pb_column type=&#8221;4_4&#8243; _builder_version=&#8221;3.25&#8243; custom_padding=&#8221;|||&#8221; custom_padding__hover=&#8221;|||&#8221;][et_pb_text _builder_version=&#8221;4.0.6&#8243; text_text_color=&#8221;#ffffff&#8221; link_text_color=&#8221;#ffffff&#8221; ul_text_color=&#8221;#ffffff&#8221; quote_text_color=&#8221;#ffffff&#8221; header_text_color=&#8221;#ffffff&#8221; background_layout=&#8221;dark&#8221;]<div id=\"quform-dbf1c3\" class=\"quform quform-1 quform-theme-hollow quform-support-page-caching\"><form id=\"quform-form-dbf1c3\" class=\"quform-form quform-form-1\" action=\"\/site\/wp-json\/wp\/v2\/pages\/8#quform-dbf1c3\" method=\"post\" enctype=\"multipart\/form-data\" novalidate=\"novalidate\" data-options=\"{&quot;id&quot;:1,&quot;uniqueId&quot;:&quot;dbf1c3&quot;,&quot;theme&quot;:&quot;hollow&quot;,&quot;ajax&quot;:true,&quot;logic&quot;:{&quot;logic&quot;:[],&quot;dependents&quot;:[],&quot;elementIds&quot;:[],&quot;dependentElementIds&quot;:[],&quot;animate&quot;:true},&quot;currentPageId&quot;:1,&quot;errorsIcon&quot;:&quot;&quot;,&quot;updateFancybox&quot;:true,&quot;hasPages&quot;:false,&quot;pages&quot;:[1],&quot;pageProgressType&quot;:&quot;numbers&quot;,&quot;tooltipsEnabled&quot;:true,&quot;tooltipClasses&quot;:&quot;qtip-quform-dark qtip-shadow&quot;,&quot;tooltipMy&quot;:&quot;left center&quot;,&quot;tooltipAt&quot;:&quot;right center&quot;,&quot;isRtl&quot;:false,&quot;scrollOffset&quot;:-50,&quot;scrollSpeed&quot;:800}\"><button class=\"quform-default-submit\" name=\"quform_submit\" type=\"submit\" value=\"submit\"><\/button><div class=\"quform-form-inner quform-form-inner-1\"><input type=\"hidden\" name=\"quform_form_id\" value=\"1\" \/><input type=\"hidden\" name=\"quform_form_uid\" value=\"dbf1c3\" \/><input type=\"hidden\" name=\"quform_count\" value=\"1\" \/><input type=\"hidden\" name=\"form_url\" value=\"https:\/\/wmsas.co\/site\/wp-json\/wp\/v2\/pages\/8\" \/><input type=\"hidden\" name=\"referring_url\" value=\"\" \/><input type=\"hidden\" name=\"post_id\" value=\"\" \/><input type=\"hidden\" name=\"post_title\" value=\"\" \/><input type=\"hidden\" name=\"quform_current_page_id\" value=\"1\" \/><input type=\"hidden\" name=\"quform_csrf_token\" value=\"q5Yki0Ldb5MoiB8pfMvoR7ey5IQwUBkBKJMkCdPz\" \/><div class=\"quform-elements quform-elements-1 quform-cf quform-responsive-elements-phone-landscape\"><div class=\"quform-element quform-element-page quform-page-1 quform-page-1_1 quform-cf quform-group-style-plain quform-first-page quform-last-page quform-current-page\"><div class=\"quform-page-title-description\"><h2 class=\"quform-page-title\">Cont\u00e1ctenos<\/h2><\/div><div class=\"quform-child-elements\"><div class=\"quform-element quform-element-row quform-element-row-1_8 quform-2-columns quform-element-row-size-fixed quform-responsive-columns-phone-landscape\"><div class=\"quform-element quform-element-column quform-element-1_9\"><div class=\"quform-element quform-element-text quform-element-1_6 quform-cf quform-element-optional\"><div class=\"quform-spacer\"><div class=\"quform-label quform-label-1_6\"><label class=\"quform-label-text\" for=\"quform_1_6_dbf1c3\">Nombre<\/label><\/div><div class=\"quform-inner quform-inner-text quform-inner-1_6\"><div class=\"quform-input quform-input-text quform-input-1_6 quform-cf\"><input type=\"text\" id=\"quform_1_6_dbf1c3\" name=\"quform_1_6\" class=\"quform-field quform-field-text quform-field-1_6\" placeholder=\"Ingrese el nombre\" \/><\/div><\/div><\/div><\/div><\/div><div class=\"quform-element quform-element-column quform-element-1_10\"><div class=\"quform-element quform-element-email quform-element-1_4 quform-cf quform-element-required\"><div class=\"quform-spacer\"><div class=\"quform-label quform-label-1_4\"><label class=\"quform-label-text\" for=\"quform_1_4_dbf1c3\">Correo Electr\u00f3nico<span class=\"quform-required\">*<\/span><\/label><\/div><div class=\"quform-inner quform-inner-email quform-inner-1_4\"><div class=\"quform-input quform-input-email quform-input-1_4 quform-cf\"><input type=\"email\" id=\"quform_1_4_dbf1c3\" name=\"quform_1_4\" class=\"quform-field quform-field-email quform-field-1_4\" placeholder=\"Ingrese el correo electronico\" \/><\/div><\/div><\/div><\/div><\/div><\/div><div class=\"quform-element quform-element-text quform-element-1_3 quform-cf quform-element-optional\"><div class=\"quform-spacer\"><div class=\"quform-label quform-label-1_3\"><label class=\"quform-label-text\" for=\"quform_1_3_dbf1c3\">Tel\u00e9fono<\/label><\/div><div class=\"quform-inner quform-inner-text quform-inner-1_3\"><div class=\"quform-input quform-input-text quform-input-1_3 quform-cf\"><input type=\"text\" id=\"quform_1_3_dbf1c3\" name=\"quform_1_3\" class=\"quform-field quform-field-text quform-field-1_3\" placeholder=\"Ingrese el tel\u00e9fono\" \/><\/div><\/div><\/div><\/div><div class=\"quform-element quform-element-textarea quform-element-1_7 quform-cf quform-element-optional\"><div class=\"quform-spacer\"><div class=\"quform-label quform-label-1_7\"><label class=\"quform-label-text\" for=\"quform_1_7_dbf1c3\">Mensaje<\/label><\/div><div class=\"quform-inner quform-inner-textarea quform-inner-1_7 quform-field-size-slim\"><div class=\"quform-input quform-input-textarea quform-input-1_7 quform-cf\"><textarea id=\"quform_1_7_dbf1c3\" name=\"quform_1_7\" class=\"quform-field quform-field-textarea quform-field-1_7\" placeholder=\"Escriba un mensaje o inquietud\"><\/textarea><\/div><\/div><\/div><\/div><div class=\"quform-element quform-element-captcha quform-element-1_12 quform-cf quform-element-required\"><div class=\"quform-spacer\"><div class=\"quform-label quform-label-1_12\"><label class=\"quform-label-text\" for=\"quform_1_12_dbf1c3\">Por favor escriba los caracteres<span class=\"quform-required\">*<\/span><\/label><\/div><div class=\"quform-inner quform-inner-captcha quform-inner-1_12\"><div class=\"quform-input quform-input-captcha quform-input-1_12 quform-cf\"><input type=\"text\" id=\"quform_1_12_dbf1c3\" name=\"quform_1_12\" class=\"quform-field quform-field-captcha quform-field-1_12\" \/><\/div><div class=\"quform-captcha quform-cf\"><div class=\"quform-captcha-image quform-captcha-image-1_12\"><img src=\"data:image\/png;base64,iVBORw0KGgoAAAANSUhEUgAAAOYAAABQBAMAAAD\/1xTgAAAAG1BMVEX\/\/\/8iIiLj4+N0dHSsrKw9PT3Hx8dZWVmQkJCwW31eAAAACXBIWXMAAA7EAAAOxAGVKw4bAAAD9UlEQVRoge1XS1faQBSOQxJYOkVMl4kV6rKp9uCS+KpLo624hIoel43W1qUUq\/7szp1XJhMYw6HHbuZbkDBM7uOb795cHMfCwsLCwsLCwsJiHqDLy9d2eZ5i3Pr4qi7fYYrrf2FrLay0zcccvcVdehjf\/K6wLyHu+rfkY2Vxn0OI3dm4xSc90zZI86fjbJDLYGGfEfjcpazdG7YROt7CtY3x8cI+\/a44KBwYthFqP8AVcd9zAW3pKw3w1yeFgL\/PfizDLXYzxjic16dXEl6NHdW+KYM8vWhu5Xa+DfGRtlbHuAlXmcoUEAmtsrslTnJV+DGeInZihYbRNkiS8P+G3Xm4FLQJKJsqFcFWw6Bc8tuy9Lk8h8+E6zMsLpMKpVdXYW29+2tL3ZbnuSTvqsAFeWbl7pXwzJU8QVa4GRae5ecZybv91s2jFn4JQ5An8KuVRMwkBFoSPtkhKAef63Ys84TqwicPRrcZtV0rcZNxc55kgGT8ePmnQEgmjiQVzyPRSk4GM10iLrhUL8OUk7UkT9qjKY7V4BJOD7DOluWLxtD1G1wiiS5cYSTiWgLvrRAeaOabCPEBRATVxnTr4uZeNzX3zBrnytOE6wsjiewJHqvUFOe7ELEePOx9wrJFNiA\/NMpM7avOS14vQ1cU+Vjm5TLvmRpcW1LJK6pOOW0Y23SN+0RaIxGcE9pkwFf0La7m6aBY+uzRBXroyJhmnp\/QTB4LW880MbjqQbmPrHGeJeJoGhA6+dYazPbpChJiVRsbD7LN4mIshOv8u58SMkaT7QMSmYjkMqRzmWkSREKfsSIiVmQ7\/FZppOgqVl8gkaiIwjubRPLCeJTx\/GKl2BvshPph4Zz9CQxb+IuaM3dVV9UQ8wKajYSTqCrN5bL4fhFsymUIv39DeCw8uyqc34vFixdmKIdWHYxPeScBrD\/Rsj6in2cH3O4PPfohD4jwIl\/swNEpibBn8OlTjVHNN9X10STFg5Tle0z3tb4SYSA1TxJvMCA\/ZXm8UCZgJ5s9XTiM\/mfyEZeGkJDyxFsnOTIIzlOHSmiurc1JqrwJeZkg80xWY3aD+rQxqrMLuoFDi1jCSYGNod7Qwdg1i8aUJwgA9AKVen5a\/tk\/7Pao+SAlTEQFNvhck+t0zN27hsmNGs1oBbCinLkrwiswpqC4YMyn7b05EN+JqdbdDuTbLFkoAO1uQv1TwYSzNnmE4TaxlGnvqM7hsyIr1n6D7bjan6bPWJduAX56T19dWivUcCFbfpWRDHRpGigo3r9U7+iJl1el0RMkWPrTUsK+2vqmYzRh\/aSCzwgHOxW2rVXY43QmWaW\/L+5dWMVcVVSKzcLCwsLCwsLiP+Ivm\/6bKGgbwqUAAAAASUVORK5CYII=\" alt=\"CAPTCHA image\" data-element-id=\"12\" width=\"115\" height=\"40\" \/><\/div><\/div><p class=\"quform-description quform-description-below\">Esto nos ayuda a prevenir el spam, gracias.<\/p><\/div><\/div><\/div><div class=\"quform-element quform-element-submit quform-element-1_2 quform-cf quform-button-style-hollow-rounded quform-button-size-medium quform-button-width-large\"><div class=\"quform-button-submit quform-button-submit-default quform-button-submit-1_2 quform-button-icon-right\" data-animation=\"one\"><button name=\"quform_submit\" type=\"submit\" class=\"quform-submit\" value=\"submit\"><span class=\"quform-button-text quform-button-submit-text\">ENVIAR<\/span><span class=\"quform-button-icon quform-button-submit-icon\"><i class=\"qicon-send\"><\/i><\/span><\/button><\/div><div class=\"quform-loading quform-loading-position-left quform-loading-type-spinner-1\"><div class=\"quform-loading-inner\"><div class=\"quform-loading-spinner\"><div class=\"quform-loading-spinner-inner\"><\/div><\/div><\/div><\/div><\/div><div class=\"quform-element-tree\"><label for=\"quform_1_0_dbf1c3\">This field should be left blank<\/label><input type=\"text\" id=\"quform_1_0_dbf1c3\" name=\"quform_1_0\" class=\"quform-field quform-field-tree quform-field-1_0\" tabindex=\"-1\" autocomplete=\"off\" \/><\/div><\/div><\/div><\/div><\/div><\/form><\/div>[\/et_pb_text][\/et_pb_column][\/et_pb_row][\/et_pb_section]<\/p>\n","protected":false},"excerpt":{"rendered":"<p>[et_pb_section fb_built=&#8221;1&#8243; _builder_version=&#8221;3.23.3&#8243; background_image=&#8221;https:\/\/wmsas.co\/site\/wp-content\/uploads\/2019\/09\/Contacto-encabezado1.jpg&#8221; min_height=&#8221;468px&#8221; custom_padding=&#8221;67px|0px|0px|0px|false|false&#8221; animation_style=&#8221;zoom&#8221; animation_intensity_zoom=&#8221;4%&#8221;][et_pb_row _builder_version=&#8221;3.25&#8243; background_size=&#8221;initial&#8221; background_position=&#8221;top_left&#8221; background_repeat=&#8221;repeat&#8221; custom_padding=&#8221;||17px|||&#8221; animation_style=&#8221;slide&#8221; animation_direction=&#8221;top&#8221; animation_intensity_slide=&#8221;3%&#8221;][et_pb_column type=&#8221;4_4&#8243; _builder_version=&#8221;3.25&#8243; custom_padding=&#8221;|||&#8221; custom_padding__hover=&#8221;|||&#8221;][et_pb_text _builder_version=&#8221;3.27.4&#8243; text_font=&#8221;Montserrat||||||||&#8221; text_text_color=&#8221;#ffffff&#8221; text_font_size=&#8221;17px&#8221; text_letter_spacing=&#8221;1px&#8221; header_font=&#8221;Montserrat|700||on|||||dotted&#8221; header_text_color=&#8221;#ffffff&#8221; header_font_size=&#8221;60px&#8221; header_line_height=&#8221;1.3em&#8221; background_color=&#8221;rgba(0,0,0,0.17)&#8221; background_size=&#8221;initial&#8221; background_position=&#8221;top_left&#8221; background_repeat=&#8221;repeat&#8221; custom_margin=&#8221;||0px|||&#8221; custom_padding=&#8221;54px|489px||||&#8221; animation_style=&#8221;fade&#8221; header_font_size_last_edited=&#8221;off|desktop&#8221; locked=&#8221;off&#8221;] Contacto WM SAS \u00ae est\u00e1 comprometida con alcanzar la excelencia, por eso\u00a0prestamos los servicios de forma oportuna, [&hellip;]<\/p>\n","protected":false},"author":1,"featured_media":0,"parent":0,"menu_order":0,"comment_status":"closed","ping_status":"closed","template":"","meta":{"_et_pb_use_builder":"on","_et_pb_old_content":""},"_links":{"self":[{"href":"https:\/\/wmsas.co\/site\/wp-json\/wp\/v2\/pages\/8"}],"collection":[{"href":"https:\/\/wmsas.co\/site\/wp-json\/wp\/v2\/pages"}],"about":[{"href":"https:\/\/wmsas.co\/site\/wp-json\/wp\/v2\/types\/page"}],"author":[{"embeddable":true,"href":"https:\/\/wmsas.co\/site\/wp-json\/wp\/v2\/users\/1"}],"replies":[{"embeddable":true,"href":"https:\/\/wmsas.co\/site\/wp-json\/wp\/v2\/comments?post=8"}],"version-history":[{"count":38,"href":"https:\/\/wmsas.co\/site\/wp-json\/wp\/v2\/pages\/8\/revisions"}],"predecessor-version":[{"id":2644,"href":"https:\/\/wmsas.co\/site\/wp-json\/wp\/v2\/pages\/8\/revisions\/2644"}],"wp:attachment":[{"href":"https:\/\/wmsas.co\/site\/wp-json\/wp\/v2\/media?parent=8"}],"curies":[{"name":"wp","href":"https:\/\/api.w.org\/{rel}","templated":true}]}}