{"id":353,"date":"2019-07-30T10:46:43","date_gmt":"2019-07-30T15:46:43","guid":{"rendered":"http:\/\/www.wmsas.co.bh-22.webhostbox.net\/web\/?page_id=353"},"modified":"2019-10-09T23:07:34","modified_gmt":"2019-10-10T04:07:34","slug":"medicion-de-energia","status":"publish","type":"page","link":"https:\/\/wmsas.co\/site\/medicion-de-energia\/","title":{"rendered":"Medici\u00f3n de Energia"},"content":{"rendered":"<p>[et_pb_section fb_built=&#8221;1&#8243; admin_label=&#8221;Hero&#8221; _builder_version=&#8221;3.23.3&#8243; background_image=&#8221;https:\/\/wmsas.co\/site\/wp-content\/uploads\/2019\/07\/circle-background-pattern.png&#8221; custom_padding=&#8221;|||&#8221; animation_style=&#8221;zoom&#8221; animation_intensity_zoom=&#8221;4%&#8221;][et_pb_row custom_padding=&#8221;|||&#8221; bg_img_2=&#8221;https:\/\/wmsas.co\/site\/wp-content\/uploads\/2019\/07\/business-13.jpg&#8221; parallax_2=&#8221;on&#8221; _builder_version=&#8221;3.22.3&#8243; background_size=&#8221;initial&#8221; background_position=&#8221;top_left&#8221; background_repeat=&#8221;repeat&#8221; animation_style=&#8221;slide&#8221; animation_direction=&#8221;top&#8221; animation_intensity_slide=&#8221;3%&#8221;][et_pb_column type=&#8221;4_4&#8243; _builder_version=&#8221;3.0.47&#8243;][et_pb_text _builder_version=&#8221;3.23.3&#8243; text_font=&#8221;||||||||&#8221; header_font=&#8221;Montserrat|700||on|||||dotted&#8221; header_text_color=&#8221;#353740&#8243; header_font_size=&#8221;60px&#8221; header_line_height=&#8221;1.3em&#8221; background_size=&#8221;initial&#8221; background_position=&#8221;top_left&#8221; background_repeat=&#8221;repeat&#8221; custom_margin=&#8221;|||&#8221; animation_style=&#8221;fade&#8221; header_font_size_last_edited=&#8221;off|desktop&#8221; locked=&#8221;off&#8221;]<\/p>\n<h1>Medici\u00f3n de energ\u00eda<\/h1>\n<p>[\/et_pb_text][\/et_pb_column][\/et_pb_row][\/et_pb_section][et_pb_section fb_built=&#8221;1&#8243; admin_label=&#8221;Projects Section&#8221; _builder_version=&#8221;3.22.3&#8243; custom_margin=&#8221;|||&#8221; custom_padding=&#8221;56px||62px|||&#8221;][et_pb_row custom_padding=&#8221;22px|||||&#8221; padding_top_1=&#8221;5%&#8221; padding_bottom_1=&#8221;5%&#8221; admin_label=&#8221;Project 01&#8243; _builder_version=&#8221;3.23.3&#8243; background_size=&#8221;initial&#8221; background_position=&#8221;top_left&#8221; background_repeat=&#8221;repeat&#8221;][et_pb_column type=&#8221;1_2&#8243; _builder_version=&#8221;3.0.47&#8243;][et_pb_text admin_label=&#8221;Number&#8221; _builder_version=&#8221;3.23.3&#8243; text_font=&#8221;Montserrat|on|||&#8221; text_text_color=&#8221;#2b2f82&#8243; text_font_size=&#8221;80px&#8221; text_line_height=&#8221;1em&#8221; header_font=&#8221;||||||||&#8221; background_size=&#8221;initial&#8221; background_position=&#8221;top_left&#8221; background_repeat=&#8221;repeat&#8221; custom_margin=&#8221;1px||15px|||&#8221; animation_style=&#8221;slide&#8221; animation_direction=&#8221;bottom&#8221; animation_intensity_slide=&#8221;20%&#8221;]<\/p>\n<p>01<\/p>\n<p>[\/et_pb_text][et_pb_text _builder_version=&#8221;3.23.3&#8243; text_font=&#8221;||||||||&#8221; header_font=&#8221;Montserrat|700|||||||&#8221; header_text_color=&#8221;#353740&#8243; custom_margin=&#8221;||11px|||&#8221;]<\/p>\n<h1>MEDIDOR 3F DIRECTA<\/h1>\n<p>[\/et_pb_text][et_pb_tabs active_tab_background_color=&#8221;#2b2f82&#8243; active_tab_text_color=&#8221;#ffffff&#8221; _builder_version=&#8221;3.23.3&#8243; body_font=&#8221;Montserrat||||||||&#8221; tab_font=&#8221;Montserrat|600|||||||&#8221; border_color_all=&#8221;#2b2f82&#8243; custom_margin=&#8221;-2px|||||&#8221; animation_style=&#8221;slide&#8221; animation_direction=&#8221;left&#8221;][et_pb_tab title=&#8221;Descripci\u00f3n&#8221; _builder_version=&#8221;3.23.3&#8243;]<\/p>\n<p style=\"text-align: justify;\">Medidor Trif\u00e1sico de medida directa clase 0.5, con comunicaci\u00f3n modbus e instalaci\u00f3n Riel DIN, para hasta 75[A], entrega a solicitud la siguiente informacion:<\/p>\n<p style=\"text-align: justify;\">\n<ul>\n<li>Consumo de energ\u00eda activa [kWh].<\/li>\n<li>Energ\u00eda reactiva [kVARh].<\/li>\n<li>Voltaje [V].<\/li>\n<li>Corriente [A].<\/li>\n<li>Frecuencia [Hz].<\/li>\n<li>Rele (Abierto \/ Cerrado) [Hz].<\/li>\n<\/ul>\n<p>[\/et_pb_tab][et_pb_tab title=&#8221;Caracter\u00edsticas T\u00e9cnicas&#8221; _builder_version=&#8221;3.23.3&#8243;]<\/p>\n<p style=\"text-align: justify;\"><strong>Ref: WM-05F3<\/strong><\/p>\n<p style=\"text-align: justify;\"><strong>Caracter\u00edsticas:<\/strong><\/p>\n<ul>\n<li style=\"text-align: justify;\">Medidor trif\u00e1sico de medida directa<\/li>\n<li style=\"text-align: justify;\">Par\u00e1metros de medida:\n<ul>\n<li>Energ\u00eda activa<\/li>\n<li>Energ\u00eda reactiva<\/li>\n<li>Potencia activa<\/li>\n<li>Potencia reactiva<\/li>\n<li>Voltaje por fase<\/li>\n<li>Corriente por fase<\/li>\n<li>Factor de potencia<\/li>\n<\/ul>\n<\/li>\n<li style=\"text-align: justify;\">Clase 0.5 para potencia activa.<\/li>\n<li style=\"text-align: justify;\">Clase 1 para potencia reactiva.<\/li>\n<li style=\"text-align: justify;\">Voltaje nominal 3&#215;110\/220<\/li>\n<li style=\"text-align: justify;\">Corriente 3*5(75) [A]<\/li>\n<li style=\"text-align: justify;\">Nivel de protecci\u00f3n: categor\u00eda II<\/li>\n<li style=\"text-align: justify;\">Puerto de comunicaciones RS485<\/li>\n<li style=\"text-align: justify;\">Salida de pulsos (LED)<\/li>\n<li style=\"text-align: justify;\">1000imp\/kWh<\/li>\n<li style=\"text-align: justify;\">Salida de pulsos (LED)<\/li>\n<li style=\"text-align: justify;\">1000imp\/kVARh<\/li>\n<li style=\"text-align: justify;\">Puerto \u00f3ptico de comunicaci\u00f3n<\/li>\n<li style=\"text-align: justify;\">Dimensiones m\u00e1ximas de 125 x 115 mm<\/li>\n<li style=\"text-align: justify;\">Cumple con el est\u00e1ndar IEC 62053-21, IEC 62053-22, IEC 62053-23, IEC 62052-11<\/li>\n<\/ul>\n<p>[\/et_pb_tab][\/et_pb_tabs][\/et_pb_column][et_pb_column type=&#8221;1_2&#8243; _builder_version=&#8221;3.0.47&#8243;][et_pb_gallery gallery_ids=&#8221;1113,1122,1123,1124,1125,1126&#8243; fullwidth=&#8221;on&#8221; _builder_version=&#8221;3.23.3&#8243; title_font=&#8221;||||||||&#8221; pagination_font=&#8221;Montserrat||||||||&#8221; box_shadow_style=&#8221;preset3&#8243; custom_padding=&#8221;35px|||||&#8221; animation_style=&#8221;fold&#8221; animation_direction=&#8221;right&#8221;][\/et_pb_gallery][\/et_pb_column][\/et_pb_row][et_pb_row custom_padding=&#8221;26px||26px|||&#8221; custom_margin=&#8221;50px|||&#8221; padding_top_2=&#8221;5%&#8221; padding_bottom_2=&#8221;5%&#8221; admin_label=&#8221;Project 02&#8243; _builder_version=&#8221;3.22.3&#8243; background_size=&#8221;initial&#8221; background_position=&#8221;top_left&#8221; background_repeat=&#8221;repeat&#8221;][et_pb_column type=&#8221;1_2&#8243; _builder_version=&#8221;3.0.47&#8243;][et_pb_gallery gallery_ids=&#8221;1132,1133,1134,1135,1136,1137&#8243; fullwidth=&#8221;on&#8221; _builder_version=&#8221;3.23.3&#8243; title_font=&#8221;||||||||&#8221; pagination_font=&#8221;Montserrat||||||||&#8221; box_shadow_style=&#8221;preset3&#8243; custom_padding=&#8221;70px|||||&#8221; animation_style=&#8221;fold&#8221; animation_direction=&#8221;left&#8221;][\/et_pb_gallery][\/et_pb_column][et_pb_column type=&#8221;1_2&#8243; _builder_version=&#8221;3.0.47&#8243;][et_pb_text admin_label=&#8221;Number&#8221; _builder_version=&#8221;3.23.3&#8243; text_font=&#8221;Montserrat|on|||&#8221; text_text_color=&#8221;#2b2f82&#8243; text_font_size=&#8221;80px&#8221; text_line_height=&#8221;1em&#8221; header_font=&#8221;||||||||&#8221; background_size=&#8221;initial&#8221; background_position=&#8221;top_left&#8221; background_repeat=&#8221;repeat&#8221; custom_margin=&#8221;-4px||3px|||&#8221; animation_style=&#8221;slide&#8221; animation_direction=&#8221;bottom&#8221; animation_intensity_slide=&#8221;20%&#8221;]<\/p>\n<p>02<\/p>\n<p>[\/et_pb_text][et_pb_text _builder_version=&#8221;3.23.3&#8243; text_font=&#8221;||||||||&#8221; header_font=&#8221;Montserrat|700|||||||&#8221; header_text_color=&#8221;#353740&#8243; custom_margin=&#8221;||11px|||&#8221;]<\/p>\n<h1>MEDIDOR\u00a0 3F INDIRECTA<\/h1>\n<p>[\/et_pb_text][et_pb_tabs active_tab_background_color=&#8221;#2b2f82&#8243; active_tab_text_color=&#8221;#ffffff&#8221; _builder_version=&#8221;3.23.3&#8243; body_font=&#8221;Montserrat||||||||&#8221; tab_font=&#8221;Montserrat|600|||||||&#8221; border_color_all=&#8221;#2b2f82&#8243; custom_margin=&#8221;-2px|||||&#8221; animation_style=&#8221;slide&#8221; animation_direction=&#8221;right&#8221;][et_pb_tab title=&#8221;Descripci\u00f3n&#8221; _builder_version=&#8221;3.23.3&#8243;]<\/p>\n<p style=\"text-align: justify;\">Medidor Trif\u00e1sico de medida semidirecta clase 0.5, comunicaci\u00f3n modbus e instalaci\u00f3n Riel DIN, entrega la siguiente informaci\u00f3n:<\/p>\n<p style=\"text-align: justify;\">\n<ul>\n<li>Lectura de energ\u00eda activa [kWh].<\/li>\n<li>Lectura de energ\u00eda reactiva [kVARh].<\/li>\n<li>Voltaje por fase [V].<\/li>\n<li>Corriente por fase [A].<\/li>\n<li>Potencia Aciva.<\/li>\n<li>Potencia Reactiva.<\/li>\n<li>Frecuencia [Hz].<\/li>\n<li>Factor de Potencia.<\/li>\n<\/ul>\n<p>[\/et_pb_tab][et_pb_tab title=&#8221;Caracter\u00edsticas T\u00e9cnicas&#8221; _builder_version=&#8221;3.23.3&#8243;]<\/p>\n<p style=\"text-align: justify;\"><strong>Ref: WM-05F3S<\/strong><\/p>\n<p style=\"text-align: justify;\"><strong>Caracter\u00edsticas:<\/strong><\/p>\n<ul>\n<li style=\"text-align: justify;\">Medidor trif\u00e1sico de medida semidirecta<\/li>\n<li style=\"text-align: justify;\">Par\u00e1metros de medida:\n<ul>\n<li>Lectura de energ\u00eda activa[kWh]<\/li>\n<li>Lectura de rnerg\u00eda reactiva [kVARh]<\/li>\n<li>Voltaje por fase[V]<\/li>\n<li>Corriente por fase[A]<\/li>\n<li>Potencia activa<\/li>\n<li>Potencia reactiva<\/li>\n<li>Frecuencia[Hz]<\/li>\n<li>Factor de potencia<\/li>\n<\/ul>\n<\/li>\n<li style=\"text-align: justify;\">Clase 0.5 para potencia activa.<\/li>\n<li style=\"text-align: justify;\">Clase 1 para potencia reactiva.<\/li>\n<li style=\"text-align: justify;\">Voltaje nominal 3&#215;110\/220<\/li>\n<li style=\"text-align: justify;\">Corriente 3*5(75) [A<\/li>\n<li style=\"text-align: justify;\">Puerto de comunicaciones RS485<\/li>\n<li style=\"text-align: justify;\">Salida de pulsos (LED) 1000imp\/kWh<\/li>\n<li style=\"text-align: justify;\">Dimensiones m\u00e1ximas de 90 x 36 mm<\/li>\n<li style=\"text-align: justify;\">Cumple con el est\u00e1ndar IEC 62053-21, IEC 62052-11<\/li>\n<\/ul>\n<p>[\/et_pb_tab][\/et_pb_tabs][\/et_pb_column][\/et_pb_row][et_pb_row custom_padding=&#8221;109px|||||&#8221; padding_top_1=&#8221;5%&#8221; padding_bottom_1=&#8221;5%&#8221; admin_label=&#8221;Project 01&#8243; _builder_version=&#8221;3.22.3&#8243; background_size=&#8221;initial&#8221; background_position=&#8221;top_left&#8221; background_repeat=&#8221;repeat&#8221;][et_pb_column type=&#8221;1_2&#8243; _builder_version=&#8221;3.0.47&#8243;][et_pb_text admin_label=&#8221;Number&#8221; _builder_version=&#8221;3.23.3&#8243; text_font=&#8221;Montserrat|on|||&#8221; text_text_color=&#8221;#2b2f82&#8243; text_font_size=&#8221;80px&#8221; text_line_height=&#8221;1em&#8221; header_font=&#8221;||||||||&#8221; background_size=&#8221;initial&#8221; background_position=&#8221;top_left&#8221; background_repeat=&#8221;repeat&#8221; custom_margin=&#8221;1px||15px|||&#8221; animation_style=&#8221;slide&#8221; animation_direction=&#8221;bottom&#8221; animation_intensity_slide=&#8221;20%&#8221;]<\/p>\n<p>03<\/p>\n<p>[\/et_pb_text][et_pb_text _builder_version=&#8221;3.23.3&#8243; text_font=&#8221;||||||||&#8221; header_font=&#8221;Montserrat|700|||||||&#8221; header_text_color=&#8221;#353740&#8243; custom_margin=&#8221;||11px|||&#8221;]<\/p>\n<h1>MEDIDOR 1F DIRECTA<\/h1>\n<p>[\/et_pb_text][et_pb_tabs active_tab_background_color=&#8221;#2b2f82&#8243; active_tab_text_color=&#8221;#ffffff&#8221; _builder_version=&#8221;3.23.3&#8243; body_font=&#8221;Montserrat||||||||&#8221; tab_font=&#8221;Montserrat|600|||||||&#8221; border_color_all=&#8221;#2b2f82&#8243; custom_margin=&#8221;-2px|||||&#8221; animation_style=&#8221;slide&#8221; animation_direction=&#8221;left&#8221;][et_pb_tab title=&#8221;Descripci\u00f3n&#8221; _builder_version=&#8221;3.23.3&#8243;]<\/p>\n<p style=\"text-align: justify;\">Medidor\/Controlador Monof\u00e1sico para circuitos monof\u00e1sicos, que permite el encendido y apagado remoto del circuito, entrega:<\/p>\n<p>&nbsp;<\/p>\n<ul>\n<li>Lectura de energ\u00eda activa [kWh].<\/li>\n<li>Lectura de energ\u00eda reactiva[kVARh].<\/li>\n<li>Voltaje [V].<\/li>\n<li>Corriente [A].<\/li>\n<li>Frecuencia [Hz].<\/li>\n<li>Factor de Potencia.<\/li>\n<\/ul>\n<p>[\/et_pb_tab][et_pb_tab title=&#8221;Caracter\u00edsticas T\u00e9cnicas&#8221; _builder_version=&#8221;3.23.3&#8243;]<\/p>\n<p style=\"text-align: justify;\"><strong>Ref: WM-05Y<\/strong><\/p>\n<p style=\"text-align: justify;\"><strong>Caracter\u00edsticas:<\/strong><\/p>\n<ul>\n<li style=\"text-align: justify;\">Medidor monof\u00e1sico de medida directa<\/li>\n<li style=\"text-align: justify;\">Par\u00e1metros de medida:\n<ul>\n<li>Lectura de energ\u00eda activa[kWh].<\/li>\n<li>Lectura de rnerg\u00eda reactiva[kVARh].<\/li>\n<li>Voltaje por fase[A].<\/li>\n<li>Potencia activa.<\/li>\n<li>Potencia reactiva.<\/li>\n<li>Frecuencia[Hz].<\/li>\n<li>Factor de potencia.<\/li>\n<\/ul>\n<\/li>\n<li style=\"text-align: justify;\">Clase 0.5 para potencia activa.<\/li>\n<li style=\"text-align: justify;\">Clase 1 para potencia reactiva.<\/li>\n<li style=\"text-align: justify;\">Voltaje 127 [V].<\/li>\n<li style=\"text-align: justify;\">Corriente 10(65) [A].<\/li>\n<li style=\"text-align: justify;\">Puerto de comunicaciones RS485<\/li>\n<li style=\"text-align: justify;\">Salida de pulsos (LED) 1000imp\/kWh.<\/li>\n<li style=\"text-align: justify;\">Salida de pulsos (LED) 1000imp\/kVARh.<\/li>\n<li style=\"text-align: justify;\">Dimensiones m\u00e1ximas de 100.5 x 36.5 mm.<\/li>\n<li style=\"text-align: justify;\">Cumple con el est\u00e1ndar IEC 62053-21, IEC 62053-22, IEC 6205323, IEC 62052-11.<\/li>\n<\/ul>\n<p>[\/et_pb_tab][\/et_pb_tabs][\/et_pb_column][et_pb_column type=&#8221;1_2&#8243; _builder_version=&#8221;3.0.47&#8243;][et_pb_gallery gallery_ids=&#8221;1142,1143,1144,1145,1146&#8243; fullwidth=&#8221;on&#8221; _builder_version=&#8221;3.23.3&#8243; title_font=&#8221;||||||||&#8221; pagination_font=&#8221;Montserrat||||||||&#8221; box_shadow_style=&#8221;preset3&#8243; custom_padding=&#8221;63px|||||&#8221; animation_style=&#8221;fold&#8221; animation_direction=&#8221;right&#8221;][\/et_pb_gallery][\/et_pb_column][\/et_pb_row][et_pb_row custom_padding=&#8221;26px|||||&#8221; custom_margin=&#8221;50px|||&#8221; padding_top_2=&#8221;5%&#8221; padding_bottom_2=&#8221;5%&#8221; admin_label=&#8221;Project 02&#8243; _builder_version=&#8221;3.22.3&#8243; background_size=&#8221;initial&#8221; background_position=&#8221;top_left&#8221; background_repeat=&#8221;repeat&#8221;][et_pb_column type=&#8221;1_2&#8243; _builder_version=&#8221;3.0.47&#8243;][et_pb_gallery gallery_ids=&#8221;1149,1150,1151,1152,1153&#8243; fullwidth=&#8221;on&#8221; _builder_version=&#8221;3.23.3&#8243; title_font=&#8221;||||||||&#8221; pagination_font=&#8221;Montserrat||||||||&#8221; box_shadow_style=&#8221;preset3&#8243; custom_padding=&#8221;173px|||||&#8221; animation_style=&#8221;fold&#8221; animation_direction=&#8221;left&#8221;][\/et_pb_gallery][\/et_pb_column][et_pb_column type=&#8221;1_2&#8243; _builder_version=&#8221;3.0.47&#8243;][et_pb_text admin_label=&#8221;Number&#8221; _builder_version=&#8221;3.23.3&#8243; text_font=&#8221;Montserrat|on|||&#8221; text_text_color=&#8221;#2b2f82&#8243; text_font_size=&#8221;80px&#8221; text_line_height=&#8221;1em&#8221; header_font=&#8221;||||||||&#8221; background_size=&#8221;initial&#8221; background_position=&#8221;top_left&#8221; background_repeat=&#8221;repeat&#8221; custom_margin=&#8221;-4px||3px|||&#8221; animation_style=&#8221;slide&#8221; animation_direction=&#8221;bottom&#8221; animation_intensity_slide=&#8221;20%&#8221;]<\/p>\n<p>04<\/p>\n<p>[\/et_pb_text][et_pb_text _builder_version=&#8221;3.23.3&#8243; text_font=&#8221;||||||||&#8221; header_font=&#8221;Montserrat|700|||||||&#8221; header_text_color=&#8221;#353740&#8243; custom_margin=&#8221;||11px|||&#8221;]<\/p>\n<h1>CONCENTRADOR<\/h1>\n<p>[\/et_pb_text][et_pb_tabs active_tab_background_color=&#8221;#2b2f82&#8243; active_tab_text_color=&#8221;#ffffff&#8221; _builder_version=&#8221;3.23.3&#8243; body_font=&#8221;Montserrat||||||||&#8221; tab_font=&#8221;Montserrat|600|||||||&#8221; border_color_all=&#8221;#2b2f82&#8243; custom_margin=&#8221;-2px|||||&#8221; animation_style=&#8221;slide&#8221; animation_direction=&#8221;right&#8221;][et_pb_tab title=&#8221;Descripci\u00f3n&#8221; _builder_version=&#8221;3.23.3&#8243;]<\/p>\n<p style=\"text-align: justify;\"><strong>Ref: WM-C01c<\/strong><\/p>\n<p style=\"text-align: justify;\">Concentrador de datos, para hasta 255 medidores con comunicaci\u00f3n MODBUS:<\/p>\n<ul>\n<li style=\"text-align: justify;\">Posibilidad de enlace inal\u00e1mbrico hasta 500 metros.<\/li>\n<li style=\"text-align: justify;\">Control y Medici\u00f3n cableada mediante protocolo RS485.<\/li>\n<li style=\"text-align: justify;\">Posibilidad de comunicaciones GPRS.<\/li>\n<li style=\"text-align: justify;\">Operaciones de comunicaciones WIMAX, WIFI, SATELITALO RED PRIVADA, adicional al sistema GPRS.<\/li>\n<li style=\"text-align: justify;\">Tama\u00f1o m\u00e1ximo de (60x110x65 mm).<\/li>\n<li style=\"text-align: justify;\">Detecci\u00f3n de apertura de gabinete principal.<\/li>\n<li style=\"text-align: justify;\">Generaci\u00f3n de alarmas de apertura, voltaje, corriente o factor de potencia.<\/li>\n<li style=\"text-align: justify;\">Memoria de datos de 4Gb o superior.<\/li>\n<li style=\"text-align: justify;\">Memoria RAM 256Mb.<\/li>\n<li style=\"text-align: justify;\">CPU ARM @700MHz o superior.<\/li>\n<li style=\"text-align: justify;\">Montaje en DIN RIEL<\/li>\n<\/ul>\n<p>&nbsp;<\/p>\n<p>[\/et_pb_tab][\/et_pb_tabs][\/et_pb_column][\/et_pb_row][\/et_pb_section]<\/p>\n","protected":false},"excerpt":{"rendered":"<p>[et_pb_section fb_built=&#8221;1&#8243; admin_label=&#8221;Hero&#8221; _builder_version=&#8221;3.23.3&#8243; background_image=&#8221;https:\/\/wmsas.co\/site\/wp-content\/uploads\/2019\/07\/circle-background-pattern.png&#8221; custom_padding=&#8221;|||&#8221; animation_style=&#8221;zoom&#8221; animation_intensity_zoom=&#8221;4%&#8221;][et_pb_row custom_padding=&#8221;|||&#8221; bg_img_2=&#8221;https:\/\/wmsas.co\/site\/wp-content\/uploads\/2019\/07\/business-13.jpg&#8221; parallax_2=&#8221;on&#8221; _builder_version=&#8221;3.22.3&#8243; background_size=&#8221;initial&#8221; background_position=&#8221;top_left&#8221; background_repeat=&#8221;repeat&#8221; animation_style=&#8221;slide&#8221; animation_direction=&#8221;top&#8221; animation_intensity_slide=&#8221;3%&#8221;][et_pb_column type=&#8221;4_4&#8243; _builder_version=&#8221;3.0.47&#8243;][et_pb_text _builder_version=&#8221;3.23.3&#8243; text_font=&#8221;||||||||&#8221; header_font=&#8221;Montserrat|700||on|||||dotted&#8221; header_text_color=&#8221;#353740&#8243; header_font_size=&#8221;60px&#8221; header_line_height=&#8221;1.3em&#8221; background_size=&#8221;initial&#8221; background_position=&#8221;top_left&#8221; background_repeat=&#8221;repeat&#8221; custom_margin=&#8221;|||&#8221; animation_style=&#8221;fade&#8221; header_font_size_last_edited=&#8221;off|desktop&#8221; locked=&#8221;off&#8221;] Medici\u00f3n de energ\u00eda [\/et_pb_text][\/et_pb_column][\/et_pb_row][\/et_pb_section][et_pb_section fb_built=&#8221;1&#8243; admin_label=&#8221;Projects Section&#8221; _builder_version=&#8221;3.22.3&#8243; custom_margin=&#8221;|||&#8221; custom_padding=&#8221;56px||62px|||&#8221;][et_pb_row custom_padding=&#8221;22px|||||&#8221; padding_top_1=&#8221;5%&#8221; padding_bottom_1=&#8221;5%&#8221; admin_label=&#8221;Project 01&#8243; _builder_version=&#8221;3.23.3&#8243; background_size=&#8221;initial&#8221; background_position=&#8221;top_left&#8221; background_repeat=&#8221;repeat&#8221;][et_pb_column type=&#8221;1_2&#8243; _builder_version=&#8221;3.0.47&#8243;][et_pb_text admin_label=&#8221;Number&#8221; [&hellip;]<\/p>\n","protected":false},"author":1,"featured_media":0,"parent":0,"menu_order":0,"comment_status":"closed","ping_status":"closed","template":"","meta":{"_et_pb_use_builder":"on","_et_pb_old_content":"<!-- wp:divi\/placeholder \/-->"},"_links":{"self":[{"href":"https:\/\/wmsas.co\/site\/wp-json\/wp\/v2\/pages\/353"}],"collection":[{"href":"https:\/\/wmsas.co\/site\/wp-json\/wp\/v2\/pages"}],"about":[{"href":"https:\/\/wmsas.co\/site\/wp-json\/wp\/v2\/types\/page"}],"author":[{"embeddable":true,"href":"https:\/\/wmsas.co\/site\/wp-json\/wp\/v2\/users\/1"}],"replies":[{"embeddable":true,"href":"https:\/\/wmsas.co\/site\/wp-json\/wp\/v2\/comments?post=353"}],"version-history":[{"count":55,"href":"https:\/\/wmsas.co\/site\/wp-json\/wp\/v2\/pages\/353\/revisions"}],"predecessor-version":[{"id":2491,"href":"https:\/\/wmsas.co\/site\/wp-json\/wp\/v2\/pages\/353\/revisions\/2491"}],"wp:attachment":[{"href":"https:\/\/wmsas.co\/site\/wp-json\/wp\/v2\/media?parent=353"}],"curies":[{"name":"wp","href":"https:\/\/api.w.org\/{rel}","templated":true}]}}