{"id":341,"date":"2019-07-30T10:33:50","date_gmt":"2019-07-30T15:33:50","guid":{"rendered":"http:\/\/www.wmsas.co.bh-22.webhostbox.net\/web\/?page_id=341"},"modified":"2019-10-10T18:40:39","modified_gmt":"2019-10-10T23:40:39","slug":"gerenciamiento-direccionamiento-ejecucion-y-aseguramiento","status":"publish","type":"page","link":"https:\/\/wmsas.co\/site\/gerenciamiento-direccionamiento-ejecucion-y-aseguramiento\/","title":{"rendered":"Gerenciamiento, Direccionamiento, Ejecuci\u00f3n y Aseguramiento"},"content":{"rendered":"<p>[et_pb_section fb_built=&#8221;1&#8243; admin_label=&#8221;Hero&#8221; _builder_version=&#8221;3.23.3&#8243; background_color=&#8221;#2b2f82&#8243; background_image=&#8221;https:\/\/wmsas.co\/site\/wp-content\/uploads\/2019\/07\/circle-background-pattern.png&#8221; background_position=&#8221;center_right&#8221; background_blend=&#8221;luminosity&#8221; custom_padding=&#8221;||13px|||&#8221; animation_style=&#8221;zoom&#8221; animation_intensity_zoom=&#8221;4%&#8221;][et_pb_row custom_padding=&#8221;|||&#8221; bg_img_2=&#8221;https:\/\/wmsas.co\/site\/wp-content\/uploads\/2019\/07\/business-13.jpg&#8221; parallax_2=&#8221;on&#8221; _builder_version=&#8221;3.23.3&#8243; background_size=&#8221;initial&#8221; background_position=&#8221;top_left&#8221; background_repeat=&#8221;repeat&#8221; animation_style=&#8221;slide&#8221; animation_direction=&#8221;top&#8221; animation_intensity_slide=&#8221;3%&#8221;][et_pb_column type=&#8221;4_4&#8243; _builder_version=&#8221;3.0.47&#8243;][et_pb_text _builder_version=&#8221;3.23.3&#8243; text_font=&#8221;||||||||&#8221; text_text_color=&#8221;#ffffff&#8221; header_font=&#8221;Montserrat|700||on|||||&#8221; header_text_color=&#8221;#ffffff&#8221; header_font_size=&#8221;45px&#8221; header_line_height=&#8221;1.3em&#8221; background_size=&#8221;initial&#8221; background_position=&#8221;top_left&#8221; background_repeat=&#8221;repeat&#8221; custom_margin=&#8221;|||&#8221; animation_style=&#8221;fade&#8221; header_font_size_last_edited=&#8221;off|desktop&#8221; locked=&#8221;off&#8221;]<\/p>\n<h1 style=\"text-align: center;\">Gerenciamiento, Direccionamiento, Ejecuci\u00f3n y Aseguramiento de proyectos<\/h1>\n<p>[\/et_pb_text][et_pb_button button_url=&#8221;https:\/\/wmsas.co\/site\/contacto\/&#8221; button_text=&#8221;Cont\u00e1ctenos&#8221; button_alignment=&#8221;center&#8221; _builder_version=&#8221;3.23.3&#8243; custom_button=&#8221;on&#8221; button_text_color=&#8221;#ffffff&#8221; button_border_width=&#8221;4px&#8221; button_border_color=&#8221;#ffffff&#8221; button_border_radius=&#8221;100px&#8221; button_letter_spacing=&#8221;2px&#8221; button_font=&#8221;Montserrat|on||on|&#8221; button_icon=&#8221;%%36%%&#8221; button_icon_color=&#8221;#747d88&#8243; background_layout=&#8221;dark&#8221; animation_style=&#8221;flip&#8221; animation_direction=&#8221;right&#8221; animation_intensity_flip=&#8221;20%&#8221; button_text_color_hover=&#8221;#747d88&#8243; button_border_color_hover=&#8221;#747d88&#8243; button_letter_spacing_hover=&#8221;2px&#8221; button_bg_color_hover=&#8221;rgba(0,0,0,0)&#8221; button_text_size__hover_enabled=&#8221;off&#8221; button_one_text_size__hover_enabled=&#8221;off&#8221; button_two_text_size__hover_enabled=&#8221;off&#8221; button_text_color__hover_enabled=&#8221;on&#8221; button_text_color__hover=&#8221;#747d88&#8243; button_one_text_color__hover_enabled=&#8221;off&#8221; button_two_text_color__hover_enabled=&#8221;off&#8221; button_border_width__hover_enabled=&#8221;off&#8221; button_one_border_width__hover_enabled=&#8221;off&#8221; button_two_border_width__hover_enabled=&#8221;off&#8221; button_border_color__hover_enabled=&#8221;on&#8221; button_border_color__hover=&#8221;#747d88&#8243; button_one_border_color__hover_enabled=&#8221;off&#8221; button_two_border_color__hover_enabled=&#8221;off&#8221; button_border_radius__hover_enabled=&#8221;off&#8221; button_one_border_radius__hover_enabled=&#8221;off&#8221; button_two_border_radius__hover_enabled=&#8221;off&#8221; button_letter_spacing__hover_enabled=&#8221;on&#8221; button_letter_spacing__hover=&#8221;2px&#8221; button_one_letter_spacing__hover_enabled=&#8221;off&#8221; button_two_letter_spacing__hover_enabled=&#8221;off&#8221; button_bg_color__hover_enabled=&#8221;on&#8221; button_bg_color__hover=&#8221;rgba(0,0,0,0)&#8221; button_one_bg_color__hover_enabled=&#8221;off&#8221; button_two_bg_color__hover_enabled=&#8221;off&#8221;][\/et_pb_button][\/et_pb_column][\/et_pb_row][\/et_pb_section][et_pb_section fb_built=&#8221;1&#8243; admin_label=&#8221;Case Study Text&#8221; _builder_version=&#8221;3.22.3&#8243; custom_margin=&#8221;|||&#8221; custom_padding=&#8221;110px||61px|||&#8221;][et_pb_row custom_padding=&#8221;||0px|||&#8221; _builder_version=&#8221;3.22.3&#8243; background_size=&#8221;initial&#8221; background_position=&#8221;top_left&#8221; background_repeat=&#8221;repeat&#8221; animation_style=&#8221;fade&#8221;][et_pb_column type=&#8221;1_2&#8243; _builder_version=&#8221;3.0.47&#8243;][et_pb_text _builder_version=&#8221;3.23.3&#8243; text_font=&#8221;Montserrat||||&#8221; text_text_color=&#8221;#353740&#8243; text_font_size=&#8221;22px&#8221; text_line_height=&#8221;1.8em&#8221; background_size=&#8221;initial&#8221; background_position=&#8221;top_left&#8221; background_repeat=&#8221;repeat&#8221; animation_style=&#8221;flip&#8221; animation_intensity_flip=&#8221;20%&#8221;]<\/p>\n<p style=\"text-align: justify;\">Hemos implementado sistemas SCADA, planes de expansi\u00f3n, sistemas de distribuci\u00f3n para sectores industriales y comerciales, sistemas solares en subestaciones el\u00e9ctricas.\u200b\u200b<\/p>\n<p>[\/et_pb_text][\/et_pb_column][et_pb_column type=&#8221;1_4&#8243; _builder_version=&#8221;3.0.47&#8243;][et_pb_text _builder_version=&#8221;3.23.3&#8243; text_font=&#8221;Montserrat||||&#8221; text_text_color=&#8221;#747d88&#8243; text_font_size=&#8221;16px&#8221; text_line_height=&#8221;1.8em&#8221; header_font=&#8221;||||||||&#8221; header_4_font=&#8221;Montserrat|600|||||||&#8221; header_4_font_size=&#8221;22px&#8221; background_size=&#8221;initial&#8221; background_position=&#8221;top_left&#8221; background_repeat=&#8221;repeat&#8221; custom_margin=&#8221;||19px|||&#8221; animation_style=&#8221;fade&#8221; locked=&#8221;off&#8221;]<\/p>\n<h4>Procesos<\/h4>\n<ul>\n<li>Efectuar adquisiciones<\/li>\n<li style=\"text-align: left;\">Dirigir el trabajo del proyecto.<\/li>\n<li style=\"text-align: left;\"><span style=\"font-size: 16px;\">Realizar aseguramiento de calidad.<\/span><span style=\"font-size: 16px;\"><\/span><\/li>\n<li style=\"text-align: left;\">Dirigir el equipo del proyecto<span style=\"font-size: 16px;\"><br \/> <\/span><\/li>\n<\/ul>\n<p>[\/et_pb_text][et_pb_button button_url=&#8221;https:\/\/wmsas.co\/site\/casos-de-exito-gerenciamiento-ejecucion-y-aseguramiento-de-proyectos&#8221; button_text=&#8221;Casos de \u00e9xito&#8221; button_alignment=&#8221;center&#8221; _builder_version=&#8221;3.23.3&#8243; custom_button=&#8221;on&#8221; button_text_size=&#8221;16px&#8221; button_text_color=&#8221;rgba(0,0,0,0.47)&#8221; button_border_width=&#8221;4px&#8221; button_border_radius=&#8221;100px&#8221; button_letter_spacing=&#8221;2px&#8221; button_font=&#8221;Montserrat|on||on|&#8221; button_icon=&#8221;%%36%%&#8221; button_icon_color=&#8221;#747d88&#8243; background_layout=&#8221;dark&#8221; custom_padding=&#8221;|||2px||&#8221; animation_style=&#8221;bounce&#8221; button_text_color_hover=&#8221;#747d88&#8243; button_border_color_hover=&#8221;#747d88&#8243; button_letter_spacing_hover=&#8221;2px&#8221; button_bg_color_hover=&#8221;rgba(0,0,0,0)&#8221; button_text_size__hover_enabled=&#8221;off&#8221; button_one_text_size__hover_enabled=&#8221;off&#8221; button_two_text_size__hover_enabled=&#8221;off&#8221; button_text_color__hover_enabled=&#8221;on&#8221; button_one_text_color__hover_enabled=&#8221;off&#8221; button_two_text_color__hover_enabled=&#8221;off&#8221; button_border_width__hover_enabled=&#8221;off&#8221; button_one_border_width__hover_enabled=&#8221;off&#8221; button_two_border_width__hover_enabled=&#8221;off&#8221; button_border_color__hover_enabled=&#8221;on&#8221; button_border_color__hover=&#8221;#747d88&#8243; button_one_border_color__hover_enabled=&#8221;off&#8221; button_two_border_color__hover_enabled=&#8221;off&#8221; button_border_radius__hover_enabled=&#8221;off&#8221; button_one_border_radius__hover_enabled=&#8221;off&#8221; button_two_border_radius__hover_enabled=&#8221;off&#8221; button_letter_spacing__hover_enabled=&#8221;on&#8221; button_letter_spacing__hover=&#8221;2px&#8221; button_one_letter_spacing__hover_enabled=&#8221;off&#8221; button_two_letter_spacing__hover_enabled=&#8221;off&#8221; button_bg_color__hover_enabled=&#8221;on&#8221; button_bg_color__hover=&#8221;rgba(0,0,0,0)&#8221; button_one_bg_color__hover_enabled=&#8221;off&#8221; button_two_bg_color__hover_enabled=&#8221;off&#8221;][\/et_pb_button][\/et_pb_column][et_pb_column type=&#8221;1_4&#8243; _builder_version=&#8221;3.0.47&#8243;][et_pb_text _builder_version=&#8221;3.23.3&#8243; text_font=&#8221;Montserrat||||&#8221; text_text_color=&#8221;#747d88&#8243; text_font_size=&#8221;16px&#8221; text_line_height=&#8221;1.8em&#8221; header_font=&#8221;||||||||&#8221; header_4_font=&#8221;Montserrat|600|||||||&#8221; header_4_font_size=&#8221;22px&#8221; background_size=&#8221;initial&#8221; background_position=&#8221;top_left&#8221; background_repeat=&#8221;repeat&#8221; custom_margin=&#8221;||60px|&#8221; animation_style=&#8221;fade&#8221; locked=&#8221;off&#8221;]<\/p>\n<h4 style=\"text-align: left;\">Profesionalmente<\/h4>\n<ul>\n<li>Seguimiento y control.<\/li>\n<li>Gestionamos el coste.<\/li>\n<li>Gestionamos la calidad.<\/li>\n<li style=\"text-align: left;\">Gestionamos los recuros.<\/li>\n<li>Gestionamos los riesgos.<\/li>\n<li style=\"text-align: left;\">Gestionamos las comunicaciones.<\/li>\n<\/ul>\n<p>[\/et_pb_text][\/et_pb_column][\/et_pb_row][\/et_pb_section][et_pb_section fb_built=&#8221;1&#8243; admin_label=&#8221;Text and Image&#8221; _builder_version=&#8221;3.23.3&#8243; background_color=&#8221;#2b2f82&#8243; custom_padding=&#8221;50px|0px|49px|0px||&#8221;][et_pb_row _builder_version=&#8221;3.22.3&#8243; background_size=&#8221;initial&#8221; background_position=&#8221;top_left&#8221; background_repeat=&#8221;repeat&#8221;][et_pb_column type=&#8221;1_2&#8243; _builder_version=&#8221;3.0.47&#8243;][et_pb_text _builder_version=&#8221;3.23.3&#8243; text_font=&#8221;||||||||&#8221; text_text_color=&#8221;#ffffff&#8221; text_font_size=&#8221;20px&#8221; text_line_height=&#8221;1.8em&#8221; header_font=&#8221;||||||||&#8221; header_3_font=&#8221;Montserrat||||||||&#8221; header_3_text_color=&#8221;#ffffff&#8221; header_3_line_height=&#8221;1.5em&#8221; background_size=&#8221;initial&#8221; background_position=&#8221;top_left&#8221; background_repeat=&#8221;repeat&#8221; max_width=&#8221;700px&#8221; module_alignment=&#8221;center&#8221; custom_margin=&#8221;14px|||||&#8221; animation_style=&#8221;fade&#8221; animation_direction=&#8221;top&#8221;]<\/p>\n<h3 style=\"text-align: justify;\"><strong>Caracter\u00edsticas<br \/> <\/strong><\/h3>\n<p style=\"text-align: justify;\">Aplicamos nuestros conocimiento, habilidades, herramientas y t\u00e9cnicas existentes, a las diferentes actividades de un proyecto para alcanzar los objetivos propuestos. Somos especialistas en gerencia y direccionamiento de proyectos, basados en el ciclo PHVA (Planear, Hacer, Verificar y Actuar).<\/p>\n<p style=\"text-align: justify;\">Estructuramos y desarrollamos los diferentes planes de gesti\u00f3n asociados al desarrollo de un proyecto.<\/p>\n<ul>\n<li style=\"text-align: justify;\">Gesti\u00f3n de Integraci\u00f3n<\/li>\n<li style=\"text-align: justify;\">Gesti\u00f3n del Alcance<\/li>\n<li style=\"text-align: justify;\">Gesti\u00f3n del Tiempo<\/li>\n<li style=\"text-align: justify;\">Gesti\u00f3n de Costos<\/li>\n<li style=\"text-align: justify;\">Gesti\u00f3n de Calidad<\/li>\n<li style=\"text-align: justify;\">Gesti\u00f3n de Recurso Humano<\/li>\n<li style=\"text-align: justify;\">Gesti\u00f3n de Riesgos<\/li>\n<li style=\"text-align: justify;\">Gesti\u00f3n de Comunicaci\u00f3n<\/li>\n<li style=\"text-align: justify;\">Gesti\u00f3n de Adquisici\u00f3n<\/li>\n<\/ul>\n<p>&nbsp;<\/p>\n<p>[\/et_pb_text][\/et_pb_column][et_pb_column type=&#8221;1_2&#8243; _builder_version=&#8221;3.0.47&#8243;][et_pb_image src=&#8221;https:\/\/wmsas.co\/site\/wp-content\/uploads\/2019\/09\/interirorgerenci.jpg&#8221; align_tablet=&#8221;center&#8221; align_last_edited=&#8221;on|desktop&#8221; _builder_version=&#8221;3.23.3&#8243; custom_margin=&#8221;||57px|||&#8221; animation_style=&#8221;slide&#8221; animation_direction=&#8221;right&#8221; animation_intensity_slide=&#8221;10%&#8221;][\/et_pb_image][et_pb_button button_url=&#8221;https:\/\/wmsas.co\/site\/contacto\/&#8221; button_text=&#8221;Solicite el servicio&#8221; button_alignment=&#8221;center&#8221; _builder_version=&#8221;3.23.3&#8243; custom_button=&#8221;on&#8221; button_text_color=&#8221;#ffffff&#8221; button_border_width=&#8221;4px&#8221; button_border_color=&#8221;#ffffff&#8221; button_border_radius=&#8221;100px&#8221; button_letter_spacing=&#8221;2px&#8221; button_font=&#8221;Montserrat|on||on|&#8221; button_icon=&#8221;%%36%%&#8221; button_icon_color=&#8221;#747d88&#8243; background_layout=&#8221;dark&#8221; animation_style=&#8221;flip&#8221; animation_direction=&#8221;right&#8221; animation_intensity_flip=&#8221;20%&#8221; button_text_color_hover=&#8221;#747d88&#8243; button_border_color_hover=&#8221;#747d88&#8243; button_letter_spacing_hover=&#8221;2px&#8221; button_bg_color_hover=&#8221;rgba(0,0,0,0)&#8221; button_text_size__hover_enabled=&#8221;off&#8221; button_one_text_size__hover_enabled=&#8221;off&#8221; button_two_text_size__hover_enabled=&#8221;off&#8221; button_text_color__hover_enabled=&#8221;on&#8221; button_text_color__hover=&#8221;#747d88&#8243; button_one_text_color__hover_enabled=&#8221;off&#8221; button_two_text_color__hover_enabled=&#8221;off&#8221; button_border_width__hover_enabled=&#8221;off&#8221; button_one_border_width__hover_enabled=&#8221;off&#8221; button_two_border_width__hover_enabled=&#8221;off&#8221; button_border_color__hover_enabled=&#8221;on&#8221; button_border_color__hover=&#8221;#747d88&#8243; button_one_border_color__hover_enabled=&#8221;off&#8221; button_two_border_color__hover_enabled=&#8221;off&#8221; button_border_radius__hover_enabled=&#8221;off&#8221; button_one_border_radius__hover_enabled=&#8221;off&#8221; button_two_border_radius__hover_enabled=&#8221;off&#8221; button_letter_spacing__hover_enabled=&#8221;on&#8221; button_letter_spacing__hover=&#8221;2px&#8221; button_one_letter_spacing__hover_enabled=&#8221;off&#8221; button_two_letter_spacing__hover_enabled=&#8221;off&#8221; button_bg_color__hover_enabled=&#8221;on&#8221; button_bg_color__hover=&#8221;rgba(0,0,0,0)&#8221; button_one_bg_color__hover_enabled=&#8221;off&#8221; button_two_bg_color__hover_enabled=&#8221;off&#8221;][\/et_pb_button][\/et_pb_column][\/et_pb_row][\/et_pb_section]<\/p>\n","protected":false},"excerpt":{"rendered":"<p>[et_pb_section fb_built=&#8221;1&#8243; admin_label=&#8221;Hero&#8221; _builder_version=&#8221;3.23.3&#8243; background_color=&#8221;#2b2f82&#8243; background_image=&#8221;https:\/\/wmsas.co\/site\/wp-content\/uploads\/2019\/07\/circle-background-pattern.png&#8221; background_position=&#8221;center_right&#8221; background_blend=&#8221;luminosity&#8221; custom_padding=&#8221;||13px|||&#8221; animation_style=&#8221;zoom&#8221; animation_intensity_zoom=&#8221;4%&#8221;][et_pb_row custom_padding=&#8221;|||&#8221; bg_img_2=&#8221;https:\/\/wmsas.co\/site\/wp-content\/uploads\/2019\/07\/business-13.jpg&#8221; parallax_2=&#8221;on&#8221; _builder_version=&#8221;3.23.3&#8243; background_size=&#8221;initial&#8221; background_position=&#8221;top_left&#8221; background_repeat=&#8221;repeat&#8221; animation_style=&#8221;slide&#8221; animation_direction=&#8221;top&#8221; animation_intensity_slide=&#8221;3%&#8221;][et_pb_column type=&#8221;4_4&#8243; _builder_version=&#8221;3.0.47&#8243;][et_pb_text _builder_version=&#8221;3.23.3&#8243; text_font=&#8221;||||||||&#8221; text_text_color=&#8221;#ffffff&#8221; header_font=&#8221;Montserrat|700||on|||||&#8221; header_text_color=&#8221;#ffffff&#8221; header_font_size=&#8221;45px&#8221; header_line_height=&#8221;1.3em&#8221; background_size=&#8221;initial&#8221; background_position=&#8221;top_left&#8221; background_repeat=&#8221;repeat&#8221; custom_margin=&#8221;|||&#8221; animation_style=&#8221;fade&#8221; header_font_size_last_edited=&#8221;off|desktop&#8221; locked=&#8221;off&#8221;] Gerenciamiento, Direccionamiento, Ejecuci\u00f3n y Aseguramiento de proyectos [\/et_pb_text][et_pb_button button_url=&#8221;https:\/\/wmsas.co\/site\/contacto\/&#8221; button_text=&#8221;Cont\u00e1ctenos&#8221; button_alignment=&#8221;center&#8221; _builder_version=&#8221;3.23.3&#8243; custom_button=&#8221;on&#8221; button_text_color=&#8221;#ffffff&#8221; button_border_width=&#8221;4px&#8221; button_border_color=&#8221;#ffffff&#8221; button_border_radius=&#8221;100px&#8221; button_letter_spacing=&#8221;2px&#8221; [&hellip;]<\/p>\n","protected":false},"author":1,"featured_media":0,"parent":0,"menu_order":0,"comment_status":"closed","ping_status":"closed","template":"","meta":{"_et_pb_use_builder":"on","_et_pb_old_content":"<!-- wp:divi\/placeholder \/-->"},"_links":{"self":[{"href":"https:\/\/wmsas.co\/site\/wp-json\/wp\/v2\/pages\/341"}],"collection":[{"href":"https:\/\/wmsas.co\/site\/wp-json\/wp\/v2\/pages"}],"about":[{"href":"https:\/\/wmsas.co\/site\/wp-json\/wp\/v2\/types\/page"}],"author":[{"embeddable":true,"href":"https:\/\/wmsas.co\/site\/wp-json\/wp\/v2\/users\/1"}],"replies":[{"embeddable":true,"href":"https:\/\/wmsas.co\/site\/wp-json\/wp\/v2\/comments?post=341"}],"version-history":[{"count":22,"href":"https:\/\/wmsas.co\/site\/wp-json\/wp\/v2\/pages\/341\/revisions"}],"predecessor-version":[{"id":2520,"href":"https:\/\/wmsas.co\/site\/wp-json\/wp\/v2\/pages\/341\/revisions\/2520"}],"wp:attachment":[{"href":"https:\/\/wmsas.co\/site\/wp-json\/wp\/v2\/media?parent=341"}],"curies":[{"name":"wp","href":"https:\/\/api.w.org\/{rel}","templated":true}]}}